{"id":534,"date":"2018-12-07T00:42:17","date_gmt":"2018-12-06T21:42:17","guid":{"rendered":"https:\/\/www.gungorersoylar.com.tr\/?page_id=534"},"modified":"2018-12-07T00:44:22","modified_gmt":"2018-12-06T21:44:22","slug":"tam-yagli-ezine-peyniri","status":"publish","type":"page","link":"https:\/\/www.gungorersoylar.com.tr\/tr_TR\/tam-yagli-ezine-peyniri\/","title":{"rendered":"TAM YA\u011eLI EZ\u0130NE PEYN\u0130R\u0130"},"content":{"rendered":"","protected":false},"excerpt":{"rendered":"<p>&#8230;<\/p>\n","protected":false},"author":1,"featured_media":0,"parent":0,"menu_order":0,"comment_status":"closed","ping_status":"closed","template":"","meta":[],"_links":{"self":[{"href":"https:\/\/www.gungorersoylar.com.tr\/tr_TR\/wp-json\/wp\/v2\/pages\/534"}],"collection":[{"href":"https:\/\/www.gungorersoylar.com.tr\/tr_TR\/wp-json\/wp\/v2\/pages"}],"about":[{"href":"https:\/\/www.gungorersoylar.com.tr\/tr_TR\/wp-json\/wp\/v2\/types\/page"}],"author":[{"embeddable":true,"href":"https:\/\/www.gungorersoylar.com.tr\/tr_TR\/wp-json\/wp\/v2\/users\/1"}],"replies":[{"embeddable":true,"href":"https:\/\/www.gungorersoylar.com.tr\/tr_TR\/wp-json\/wp\/v2\/comments?post=534"}],"version-history":[{"count":1,"href":"https:\/\/www.gungorersoylar.com.tr\/tr_TR\/wp-json\/wp\/v2\/pages\/534\/revisions"}],"predecessor-version":[{"id":535,"href":"https:\/\/www.gungorersoylar.com.tr\/tr_TR\/wp-json\/wp\/v2\/pages\/534\/revisions\/535"}],"wp:attachment":[{"href":"https:\/\/www.gungorersoylar.com.tr\/tr_TR\/wp-json\/wp\/v2\/media?parent=534"}],"curies":[{"name":"wp","href":"https:\/\/api.w.org\/{rel}","templated":true}]}}