{"id":23,"date":"2016-07-12T13:10:07","date_gmt":"2016-07-12T13:10:07","guid":{"rendered":"http:\/\/themes.muffingroup.com\/be\/biker\/?page_id=23"},"modified":"2020-04-22T19:45:14","modified_gmt":"2020-04-22T16:45:14","slug":"iletisim","status":"publish","type":"page","link":"https:\/\/www.gungorersoylar.com.tr\/tr_TR\/iletisim\/","title":{"rendered":"\u0130LET\u0130\u015e\u0130M"},"content":{"rendered":"","protected":false},"excerpt":{"rendered":"<p>&#8230;<\/p>\n","protected":false},"author":1,"featured_media":0,"parent":0,"menu_order":0,"comment_status":"closed","ping_status":"closed","template":"","meta":[],"_links":{"self":[{"href":"https:\/\/www.gungorersoylar.com.tr\/tr_TR\/wp-json\/wp\/v2\/pages\/23"}],"collection":[{"href":"https:\/\/www.gungorersoylar.com.tr\/tr_TR\/wp-json\/wp\/v2\/pages"}],"about":[{"href":"https:\/\/www.gungorersoylar.com.tr\/tr_TR\/wp-json\/wp\/v2\/types\/page"}],"author":[{"embeddable":true,"href":"https:\/\/www.gungorersoylar.com.tr\/tr_TR\/wp-json\/wp\/v2\/users\/1"}],"replies":[{"embeddable":true,"href":"https:\/\/www.gungorersoylar.com.tr\/tr_TR\/wp-json\/wp\/v2\/comments?post=23"}],"version-history":[{"count":4,"href":"https:\/\/www.gungorersoylar.com.tr\/tr_TR\/wp-json\/wp\/v2\/pages\/23\/revisions"}],"predecessor-version":[{"id":800,"href":"https:\/\/www.gungorersoylar.com.tr\/tr_TR\/wp-json\/wp\/v2\/pages\/23\/revisions\/800"}],"wp:attachment":[{"href":"https:\/\/www.gungorersoylar.com.tr\/tr_TR\/wp-json\/wp\/v2\/media?parent=23"}],"curies":[{"name":"wp","href":"https:\/\/api.w.org\/{rel}","templated":true}]}}